{"id":46,"date":"2012-11-17T17:28:17","date_gmt":"2012-11-17T17:28:17","guid":{"rendered":"http:\/\/localhost\/devel\/www\/www.activbody-v2.fr\/elliptigo\/?page_id=46"},"modified":"2022-12-13T13:36:01","modified_gmt":"2022-12-13T13:36:01","slug":"service-apres-vente-elliptigo-sav","status":"publish","type":"page","link":"http:\/\/www.activbody.fr\/elliptigo\/service-apres-vente-elliptigo-sav","title":{"rendered":"Service Apr\u00e8s-Vente"},"content":{"rendered":"<h1>&nbsp;<\/h1>\n<h1>Service Apr\u00e8s-Vente ElliptiGO (SAV)<\/h1>\n<p>Tous les mod\u00e8les sont garantis 5 ans sur le cadre. En cas de probl\u00e8me, il faut renvoyer le v\u00e9lo \u00e0 la soci\u00e9t\u00e9 ElliptiGO et ceci aux frais du client. Le mod\u00e8le sera alors r\u00e9par\u00e9 ou remplac\u00e9.<\/p>\n<p>Les pi\u00e8ces d\u2019usure sont garanties 1 an et sont disponibles sur ce site (<span style=\"text-decoration: underline;\"><strong>uniquement pour les clients ayant achet\u00e9 par notre interm\u00e9diaire<\/strong>)<\/span><strong>.<\/strong><\/p>\n<table style=\"height: 519px;\" width=\"585\">\n<tbody>\n<tr>\n<td><span style=\"text-decoration: underline;\"><strong>Roulettes<\/strong><\/span><\/td>\n<td>14,99\u20ac pi\u00e8ce <em>(frais de port en sus)<\/em><\/td>\n<td><a href=\"http:\/\/www.activbody.fr\/elliptigo\/wp-content\/uploads\/2012\/11\/Roulette.jpg\"><img decoding=\"async\" loading=\"lazy\" class=\"alignnone  wp-image-237\" title=\"Roulette\" src=\"http:\/\/www.activbody.fr\/elliptigo\/wp-content\/uploads\/2012\/11\/Roulette-300x291.jpg\" alt=\"\" width=\"180\" height=\"175\" srcset=\"http:\/\/www.activbody.fr\/elliptigo\/wp-content\/uploads\/2012\/11\/Roulette-300x291.jpg 300w, http:\/\/www.activbody.fr\/elliptigo\/wp-content\/uploads\/2012\/11\/Roulette-1024x995.jpg 1024w, http:\/\/www.activbody.fr\/elliptigo\/wp-content\/uploads\/2012\/11\/Roulette.jpg 1500w\" sizes=\"(max-width: 180px) 100vw, 180px\" \/><\/a><\/td>\n<\/tr>\n<tr>\n<td><span style=\"text-decoration: underline;\"><strong>Rails de roulement<\/strong><\/span><\/td>\n<td>21,50\u20ac pi\u00e8ce <em>(frais de port en sus)<\/em><\/td>\n<td><a href=\"http:\/\/www.activbody.fr\/elliptigo\/wp-content\/uploads\/2012\/11\/Rail.jpg\"><img decoding=\"async\" loading=\"lazy\" class=\"alignnone  wp-image-240\" title=\"Rail\" src=\"http:\/\/www.activbody.fr\/elliptigo\/wp-content\/uploads\/2012\/11\/Rail-300x43.jpg\" alt=\"\" width=\"180\" height=\"26\" srcset=\"http:\/\/www.activbody.fr\/elliptigo\/wp-content\/uploads\/2012\/11\/Rail-300x43.jpg 300w, http:\/\/www.activbody.fr\/elliptigo\/wp-content\/uploads\/2012\/11\/Rail-1024x148.jpg 1024w\" sizes=\"(max-width: 180px) 100vw, 180px\" \/><\/a><\/td>\n<\/tr>\n<tr>\n<td><strong>Cales pieds <\/strong>&nbsp;<\/p>\n<p><strong>8C, 11R<br \/>\n<\/strong><\/td>\n<td>44,90 \u20ac la paire <em>(frais de port en sus)<\/em><\/td>\n<td><a href=\"http:\/\/www.activbody.fr\/elliptigo\/wp-content\/uploads\/2012\/11\/IMG_0434.jpg\"><img decoding=\"async\" loading=\"lazy\" class=\"alignnone  wp-image-317\" title=\"Cale pieds\" src=\"http:\/\/www.activbody.fr\/elliptigo\/wp-content\/uploads\/2012\/11\/IMG_0434.jpg\" alt=\"\" width=\"180\" height=\"144\"><\/a><\/td>\n<\/tr>\n<tr>\n<td><strong>Cales pieds <\/strong>&nbsp;<\/p>\n<p><strong>SUB, MSUB, RSUB<br \/>\n<\/strong><\/td>\n<td>44,90 \u20ac la paire <em>(frais de port en sus)<\/em><\/td>\n<td><a href=\"http:\/\/www.activbody.fr\/elliptigo\/wp-content\/uploads\/2012\/11\/IMG_0434.jpg\"><img decoding=\"async\" loading=\"lazy\" class=\"alignnone  wp-image-317\" title=\"Cale pieds\" src=\"http:\/\/www.activbody.fr\/elliptigo\/wp-content\/uploads\/2012\/11\/IMG_0434.jpg\" alt=\"\" width=\"180\" height=\"144\"><\/a><\/td>\n<\/tr>\n<tr>\n<td>&nbsp;<\/td>\n<td>&nbsp;<\/td>\n<td>&nbsp;<\/td>\n<\/tr>\n<\/tbody>\n<\/table>\n","protected":false},"excerpt":{"rendered":"<p>&nbsp; Service Apr\u00e8s-Vente ElliptiGO (SAV) Tous les mod\u00e8les sont garantis 5 ans sur le cadre. En cas de probl\u00e8me, il faut renvoyer le v\u00e9lo \u00e0 la soci\u00e9t\u00e9 ElliptiGO et ceci aux frais du client. Le mod\u00e8le sera alors r\u00e9par\u00e9 ou remplac\u00e9. Les pi\u00e8ces d\u2019usure sont garanties 1 an et sont disponibles sur ce site (uniquement&nbsp;<\/p>\n","protected":false},"author":1,"featured_media":0,"parent":0,"menu_order":2,"comment_status":"closed","ping_status":"closed","template":"page-full.php","meta":{"ngg_post_thumbnail":0},"_links":{"self":[{"href":"http:\/\/www.activbody.fr\/elliptigo\/wp-json\/wp\/v2\/pages\/46"}],"collection":[{"href":"http:\/\/www.activbody.fr\/elliptigo\/wp-json\/wp\/v2\/pages"}],"about":[{"href":"http:\/\/www.activbody.fr\/elliptigo\/wp-json\/wp\/v2\/types\/page"}],"author":[{"embeddable":true,"href":"http:\/\/www.activbody.fr\/elliptigo\/wp-json\/wp\/v2\/users\/1"}],"replies":[{"embeddable":true,"href":"http:\/\/www.activbody.fr\/elliptigo\/wp-json\/wp\/v2\/comments?post=46"}],"version-history":[{"count":22,"href":"http:\/\/www.activbody.fr\/elliptigo\/wp-json\/wp\/v2\/pages\/46\/revisions"}],"predecessor-version":[{"id":1204,"href":"http:\/\/www.activbody.fr\/elliptigo\/wp-json\/wp\/v2\/pages\/46\/revisions\/1204"}],"wp:attachment":[{"href":"http:\/\/www.activbody.fr\/elliptigo\/wp-json\/wp\/v2\/media?parent=46"}],"curies":[{"name":"wp","href":"https:\/\/api.w.org\/{rel}","templated":true}]}}