{"id":18,"date":"2012-11-17T17:01:23","date_gmt":"2012-11-17T17:01:23","guid":{"rendered":"http:\/\/localhost\/devel\/www\/www.activbody-v2.fr\/elliptigo\/?page_id=18"},"modified":"2016-03-21T20:51:28","modified_gmt":"2016-03-21T20:51:28","slug":"comparatif","status":"publish","type":"page","link":"http:\/\/www.activbody.fr\/elliptigo\/comparatif","title":{"rendered":"Comparatif"},"content":{"rendered":"<h1>Comparatif<\/h1>\n<p>&nbsp;<\/p>\n<table>\n<tbody>\n<tr>\n<td><\/td>\n<td>\n<h3 style=\"text-align: center;\">ElliptiGO Arc<\/h3>\n<\/td>\n<td>\n<h3 style=\"text-align: center;\">ElliptiGO 8C<\/h3>\n<\/td>\n<td>\n<h3 style=\"text-align: center;\">ElliptiGO 11R<\/h3>\n<\/td>\n<\/tr>\n<tr>\n<td><\/td>\n<td><p>no images were found<\/p>\n<\/td>\n<td><a href=\"http:\/\/www.activbody.fr\/elliptigo\/wp-content\/uploads\/2012\/11\/elliptigo_8c_orange_web.jpg\"><img decoding=\"async\" loading=\"lazy\" class=\"alignnone size-medium wp-image-375\" title=\"elliptigo_8c_orange_web\" src=\"http:\/\/www.activbody.fr\/elliptigo\/wp-content\/uploads\/2012\/11\/elliptigo_8c_orange_web-267x300.jpg\" alt=\"\" width=\"267\" height=\"300\" srcset=\"http:\/\/www.activbody.fr\/elliptigo\/wp-content\/uploads\/2012\/11\/elliptigo_8c_orange_web-267x300.jpg 267w, http:\/\/www.activbody.fr\/elliptigo\/wp-content\/uploads\/2012\/11\/elliptigo_8c_orange_web-911x1024.jpg 911w, http:\/\/www.activbody.fr\/elliptigo\/wp-content\/uploads\/2012\/11\/elliptigo_8c_orange_web.jpg 1000w\" sizes=\"(max-width: 267px) 100vw, 267px\" \/><\/a><\/td>\n<td><a href=\"http:\/\/www.activbody.fr\/elliptigo\/elliptigo-11r\"><img decoding=\"async\" loading=\"lazy\" width=\"280\" height=\"300\" class=\"alignnone  wp-image-222\" title=\"11R_3_4_White_2Revised_001_low res\" src=\"http:\/\/www.activbody.fr\/elliptigo\/wp-content\/uploads\/2012\/11\/11R_3_4_White_2Revised_001_low-res-280x300.jpg\" alt=\"\" srcset=\"http:\/\/www.activbody.fr\/elliptigo\/wp-content\/uploads\/2012\/11\/11R_3_4_White_2Revised_001_low-res-280x300.jpg 280w, http:\/\/www.activbody.fr\/elliptigo\/wp-content\/uploads\/2012\/11\/11R_3_4_White_2Revised_001_low-res-955x1024.jpg 955w\" sizes=\"(max-width: 280px) 100vw, 280px\" \/><\/a><\/td>\n<\/tr>\n<tr>\n<td><\/td>\n<td style=\"text-align: center;\" colspan=\"3\">\n<h3>Comparaison Rapide<\/h3>\n<\/td>\n<\/tr>\n<tr>\n<td style=\"text-align: center;\"><strong>Vitesses<\/strong><\/td>\n<td style=\"text-align: center;\">8<\/td>\n<td style=\"text-align: center;\">8<\/td>\n<td style=\"text-align: center;\">11<\/td>\n<\/tr>\n<tr>\n<td style=\"text-align: center;\"><strong>Couleurs<\/strong><\/td>\n<td style=\"text-align: center;\">Noir, vert<\/td>\n<td style=\"text-align: center;\">Noir, vert, rouge<\/td>\n<td style=\"text-align: center;\">Noir avec bandes blanches<\/td>\n<\/tr>\n<tr>\n<td style=\"text-align: center;\"><strong>Facilit\u00e9s de transport<\/strong><\/td>\n<td style=\"text-align: center;\">&#8211; Guidon r\u00e9glable en hauteur, non pliable<br \/>\n&#8211; Colonne de guidon d\u00e9montable<\/td>\n<td style=\"text-align: center;\">&#8211; Guidon r\u00e9glable en hauteur, non pliable<br \/>\n&#8211; Colonne de guidon d\u00e9montable<\/td>\n<td style=\"text-align: center;\">&#8211; Guidon r\u00e9glable en hauteur, pliable<br \/>\n&#8211; Colonne de guidon d\u00e9montable<\/td>\n<\/tr>\n<tr>\n<td style=\"text-align: center;\"><strong>Poign\u00e9es<\/strong><\/td>\n<td style=\"text-align: center;\">Poign\u00e9es ergonomiques<\/td>\n<td style=\"text-align: center;\">&#8211; Poign\u00e9es ergonomiques<br \/>\n&#8211; Ergon GC3 multi-position<\/td>\n<td style=\"text-align: center;\">&#8211; Poign\u00e9es ergonomiques<br \/>\n&#8211; Ergon GC3 multi-position<\/td>\n<\/tr>\n<tr>\n<td style=\"text-align: center;\"><strong>Poids<\/strong><\/td>\n<td style=\"text-align: center;\">16.8 kg<\/td>\n<td style=\"text-align: center;\">20 kg<\/td>\n<td style=\"text-align: center;\">17.9 kg<\/td>\n<\/tr>\n<tr>\n<td style=\"text-align: center;\"><strong>Mont\u00e9es possibles<\/strong><\/td>\n<td style=\"text-align: center;\">Petites et moyennes mont\u00e9es (autour de 10%)<\/td>\n<td style=\"text-align: center;\">Moyennes et fortes mont\u00e9es (autour de 20%)<\/td>\n<td style=\"text-align: center;\">Tr\u00e8s fortes mont\u00e9es (autour de 30%)<\/td>\n<\/tr>\n<tr>\n<td style=\"text-align: center;\"><strong>Niveaux de r\u00e9sistance<\/strong><\/td>\n<td style=\"text-align: center;\">&#8211; 8 niveaux de r\u00e9sistance<br \/>\n&#8211; 17% de diff\u00e9rence entre chaque vitesses<\/td>\n<td style=\"text-align: center;\">&#8211; 8 niveaux de r\u00e9sistance<br \/>\n&#8211; 17% de diff\u00e9rence entre chaque vitesses<\/td>\n<td style=\"text-align: center;\">&#8211; 11 niveaux de r\u00e9sistance<br \/>\n&#8211; 14% de diff\u00e9rence entre chaque vitesses<\/td>\n<\/tr>\n<tr>\n<td style=\"text-align: center;\"><strong>Prix<\/strong><\/td>\n<td style=\"text-align: center;\">1 499 \u20ac<\/td>\n<td style=\"text-align: center;\">2 799 \u20ac<\/td>\n<td style=\"text-align: center;\">3 999 \u20ac<\/td>\n<\/tr>\n<tr>\n<td style=\"text-align: center;\" colspan=\"4\"><\/td>\n<\/tr>\n<tr>\n<td style=\"text-align: center;\"><\/td>\n<td style=\"text-align: center;\" colspan=\"3\">\n<h3>Comparaison D\u00e9taill\u00e9e<\/h3>\n<\/td>\n<\/tr>\n<tr>\n<td style=\"text-align: center;\"><strong>Empattement<\/strong><\/td>\n<td style=\"text-align: center;\">137 cm<\/td>\n<td style=\"text-align: center;\">137 cm<\/td>\n<td style=\"text-align: center;\">137 cm<\/td>\n<\/tr>\n<tr>\n<td style=\"text-align: center;\"><strong>Longueur totale<\/strong><\/td>\n<td style=\"text-align: center;\">190.5 cm<\/td>\n<td style=\"text-align: center;\">190.5 cm<\/td>\n<td style=\"text-align: center;\">190.5 cm<\/td>\n<\/tr>\n<tr>\n<td style=\"text-align: center;\"><strong>Hauteur d&rsquo;utilisation<\/strong><\/td>\n<td style=\"text-align: center;\">127-147 cm<\/td>\n<td style=\"text-align: center;\">127-147 cm<\/td>\n<td style=\"text-align: center;\">127-147 cm<\/td>\n<\/tr>\n<tr>\n<td style=\"text-align: center;\"><strong>Hauteur de rangement (avec le guidon)<\/strong><\/td>\n<td style=\"text-align: center;\">81 cm<\/td>\n<td style=\"text-align: center;\">81 cm<\/td>\n<td style=\"text-align: center;\">89 cm<\/td>\n<\/tr>\n<tr>\n<td style=\"text-align: center;\"><strong>Hauteur de rangement (sans le guidon)<\/strong><\/td>\n<td style=\"text-align: center;\">70 cm<\/td>\n<td style=\"text-align: center;\">70 cm<\/td>\n<td style=\"text-align: center;\">70 cm<\/td>\n<\/tr>\n<tr>\n<td style=\"text-align: center;\"><strong>Longueur de foul\u00e9e<\/strong><\/td>\n<td style=\"text-align: center;\">41-64 cm<\/td>\n<td style=\"text-align: center;\">41-64 cm<\/td>\n<td style=\"text-align: center;\">41-64 cm<\/td>\n<\/tr>\n<tr>\n<td style=\"text-align: center;\"><strong>Longueur du braquet<\/strong><\/td>\n<td style=\"text-align: center;\">171 &#8211; 267mm<\/td>\n<td style=\"text-align: center;\">171 &#8211; 267mm<\/td>\n<td style=\"text-align: center;\">171 &#8211; 267mm<\/td>\n<\/tr>\n<tr>\n<td colspan=\"4\"><\/td>\n<\/tr>\n<tr>\n<td><\/td>\n<td colspan=\"3\">\n<h3 style=\"text-align: center;\">Composants<\/h3>\n<\/td>\n<\/tr>\n<tr>\n<td style=\"text-align: center;\"><strong>Cadre<\/strong><\/td>\n<td style=\"text-align: center;\">7005-T6 Aluminum<\/td>\n<td style=\"text-align: center;\">7005-T6 Aluminum<\/td>\n<td style=\"text-align: center;\">7005-T6 Aluminum<\/td>\n<\/tr>\n<tr>\n<td style=\"text-align: center;\"><strong>Fourche<\/strong><\/td>\n<td style=\"text-align: center;\">Partie droite 20\u00a0\u00bb chro-moly avec 1.5&Prime; tube<\/td>\n<td style=\"text-align: center;\">Partie droite 20\u00a0\u00bb chro-moly avec 1.5&Prime; tube<\/td>\n<td style=\"text-align: center;\">Partie droite 20\u00a0\u00bb chro-moly avec 1.5&Prime; tube<\/td>\n<\/tr>\n<tr>\n<td style=\"text-align: center;\"><strong>Syst\u00e8me de Propulsion<\/strong><\/td>\n<td style=\"text-align: center;\">Technologie Elliptidrive(syst\u00e8me brevet\u00e9)<\/td>\n<td style=\"text-align: center;\">Technologie Elliptidrive(syst\u00e8me brevet\u00e9)<\/td>\n<td style=\"text-align: center;\">Technologie Elliptidrive(syst\u00e8me brevet\u00e9)<\/td>\n<\/tr>\n<tr>\n<td style=\"text-align: center;\"><strong>Syst\u00e8me de course<\/strong><\/td>\n<td style=\"text-align: center;\">Int\u00e9gral avec pi\u00e8ces modulables (en cours de brevetage)<\/td>\n<td style=\"text-align: center;\">Int\u00e9gral avec pi\u00e8ces modulables (en cours de brevetage)<\/td>\n<td style=\"text-align: center;\">Int\u00e9gral avec pi\u00e8ces modulables (en cours de brevetage)<\/td>\n<\/tr>\n<tr>\n<td style=\"text-align: center;\"><strong>P\u00e9dale de course<\/strong><\/td>\n<td style=\"text-align: center;\">Aluminum avec positionnements de pieds en nylon<\/td>\n<td style=\"text-align: center;\">Aluminum avec positionnements de pieds en nylon<\/td>\n<td style=\"text-align: center;\">Module monocoque en carbone<\/td>\n<\/tr>\n<tr>\n<td style=\"text-align: center;\"><strong>Bras de course<\/strong><\/td>\n<td style=\"text-align: center;\">Pi\u00e8ce en aluminium avec diff\u00e9rentes positions de r\u00e9glage (en cours de brevetage)<\/td>\n<td style=\"text-align: center;\">Pi\u00e8ce en aluminium avec diff\u00e9rentes positions de r\u00e9glage (en cours de brevetage)<\/td>\n<td style=\"text-align: center;\">Pi\u00e8ce en aluminium avec diff\u00e9rentes positions de r\u00e9glage (en cours de brevetage)<\/td>\n<\/tr>\n<tr>\n<td style=\"text-align: center;\"><strong>Chaine et plateau<\/strong><\/td>\n<td style=\"text-align: center;\">52 dents, 130 BCD, 6061-T6 aluminum<\/td>\n<td style=\"text-align: center;\">53 dents, 130 BCD, 6061-T6 aluminum<\/td>\n<td style=\"text-align: center;\">52 dents, 130 BCD, 6061-T6 aluminum<\/td>\n<\/tr>\n<tr>\n<td style=\"text-align: center;\"><strong>Pignon<\/strong><\/td>\n<td style=\"text-align: center;\">13 dents<\/td>\n<td style=\"text-align: center;\">16 dents<\/td>\n<td style=\"text-align: center;\">18 dents<\/td>\n<\/tr>\n<tr>\n<td style=\"text-align: center;\"><strong>Moyeu<\/strong><\/td>\n<td style=\"text-align: center;\">Sturmey Archer R-SRF 3, 3-speed internally-geared hub<\/td>\n<td style=\"text-align: center;\">Shimano Alfine SG-S501, 8-speed internally-geared hub<\/td>\n<td style=\"text-align: center;\">Shimano Alfine SG-S700, 11-speed internally-geared hub<\/td>\n<\/tr>\n<tr>\n<td style=\"text-align: center;\"><strong>Colonne de direction<\/strong><\/td>\n<td style=\"text-align: center;\">D\u00e9montable et r\u00e9glable en hauteur.<br \/>\nM\u00e9lange de m\u00e9tal avec syst\u00e8me anti rotation<\/td>\n<td style=\"text-align: center;\">D\u00e9montable et r\u00e9glable en hauteur.<br \/>\nM\u00e9lange de m\u00e9tal avec syst\u00e8me anti rotation<\/td>\n<td style=\"text-align: center;\">D\u00e9montable et pliable,r\u00e9glable en hauteur roto-lock syst\u00e8me.<br \/>\nAluminium avec syst\u00e8me anti rotation<\/td>\n<\/tr>\n<tr>\n<td style=\"text-align: center;\"><strong>T\u00eate<\/strong><\/td>\n<td style=\"text-align: center;\">1.5&prime; threadless<\/td>\n<td style=\"text-align: center;\">1.5&prime; threadless<\/td>\n<td style=\"text-align: center;\">1.5&prime; threadless<\/td>\n<\/tr>\n<tr>\n<td style=\"text-align: center;\"><strong>Tige<\/strong><\/td>\n<td style=\"text-align: center;\">Aluminium forg\u00e9, 120mm x 7 deg.<\/td>\n<td style=\"text-align: center;\">Aluminium forg\u00e9, 120mm x 7 deg.<\/td>\n<td style=\"text-align: center;\">Aluminium forg\u00e9, 120mm x 7 deg.<\/td>\n<\/tr>\n<tr>\n<td style=\"text-align: center;\"><strong>Guidon<\/strong><\/td>\n<td style=\"text-align: center;\">Aluminum MTB riser bar, 50 mm rise, 670mm wide<\/td>\n<td style=\"text-align: center;\">Aluminum MTB riser bar, 50 mm rise, 670mm wide<\/td>\n<td style=\"text-align: center;\">Aluminum MTB riser bar, 50 mm rise, 670mm wide<\/td>\n<\/tr>\n<tr>\n<td style=\"text-align: center;\"><strong>Syst\u00e8me de transmission<\/strong><\/td>\n<td style=\"text-align: center;\">Sturmey Archer S30 trigger shifter<\/td>\n<td style=\"text-align: center;\">Shimano Alfine SL-S500 trigger shifter<\/td>\n<td style=\"text-align: center;\">Shimano Alfine SL-S700 trigger shifter<\/td>\n<\/tr>\n<tr>\n<td style=\"text-align: center;\"><strong>Manette de frein<\/strong><\/td>\n<td style=\"text-align: center;\">Avid FR5, manette 2 doigts<\/td>\n<td style=\"text-align: center;\">Avid FR5, manette 2 doigts<\/td>\n<td style=\"text-align: center;\">Avid Speed Dial 7, manette 2 doigts<\/td>\n<\/tr>\n<tr>\n<td style=\"text-align: center;\"><strong>Freins avant et arri\u00e8re<\/strong><\/td>\n<td style=\"text-align: center;\">Lin\u00e9aires serrant la jantre<\/td>\n<td style=\"text-align: center;\">Lin\u00e9aires serrant la jantre<\/td>\n<td style=\"text-align: center;\">Avid Single Digit 7 lin\u00e9aires serrant la jante<\/td>\n<\/tr>\n<tr>\n<td style=\"text-align: center;\"><strong>Roue avant<\/strong><\/td>\n<td style=\"text-align: center;\">20&Prime; jante profil\u00e9e aluminium, 28 rayons<\/td>\n<td style=\"text-align: center;\">20&Prime; jante profil\u00e9e aluminium, 28 rayons<\/td>\n<td style=\"text-align: center;\">20&Prime; jante profil\u00e9e aluminium, 28 rayons<\/td>\n<\/tr>\n<tr>\n<td style=\"text-align: center;\"><strong>Roue arri\u00e8re<\/strong><\/td>\n<td style=\"text-align: center;\">20&Prime; jante profil\u00e9e aluminium, 32 rayons<\/td>\n<td style=\"text-align: center;\">20&Prime; jante profil\u00e9e aluminium, 32 rayons<\/td>\n<td style=\"text-align: center;\">20&Prime; jante profil\u00e9e aluminium, 32 rayons<\/td>\n<\/tr>\n<tr>\n<td style=\"text-align: center;\"><strong>Pneus<\/strong><\/td>\n<td style=\"text-align: center;\">Kenda Kwest, 20&Prime; x 1.5&Prime; 60TPI, 100-psi<\/td>\n<td style=\"text-align: center;\">Kenda Kwest, 20&Prime; x 1.5&Prime; 60TPI, 100-psi<\/td>\n<td style=\"text-align: center;\">Kenda Kwest, 20&Prime; x 1.5&Prime; 60TPI, 100-psi<\/td>\n<\/tr>\n<tr>\n<td style=\"text-align: center;\"><strong>B\u00e9quille<\/strong><\/td>\n<td style=\"text-align: center;\">Deux tiges, aluminium forg\u00e9<\/td>\n<td style=\"text-align: center;\">Deux tiges, aluminium forg\u00e9<\/td>\n<td style=\"text-align: center;\">Deux tiges, aluminium forg\u00e9<\/td>\n<\/tr>\n<tr>\n<td colspan=\"4\"><\/td>\n<\/tr>\n<tr>\n<td style=\"text-align: center;\"><\/td>\n<td style=\"text-align: center;\" colspan=\"3\">\n<h3>Performances<\/h3>\n<\/td>\n<\/tr>\n<tr>\n<td style=\"text-align: center;\"><strong>Vitesse de croisi\u00e8re<\/strong> (terrain plat)<\/td>\n<td style=\"text-align: center;\">24 km\/h<\/td>\n<td style=\"text-align: center;\">24 km\/h<\/td>\n<td style=\"text-align: center;\">24 km\/h<\/td>\n<\/tr>\n<tr>\n<td style=\"text-align: center;\"><strong>Vitesse de sprint<\/strong> (terrain plat)<\/td>\n<td style=\"text-align: center;\">37 km\/h et plus<\/td>\n<td style=\"text-align: center;\">37 km\/h et plus<\/td>\n<td style=\"text-align: center;\">37 km\/h et plus<\/td>\n<\/tr>\n<tr>\n<td style=\"text-align: center;\"><strong>Terrains recommand\u00e9s<\/strong><\/td>\n<td style=\"text-align: center;\">Plat et mont\u00e9es moyennes<\/td>\n<td style=\"text-align: center;\">Plat et grosses mont\u00e9es<\/td>\n<td style=\"text-align: center;\">Plat et tr\u00e8s grosses mont\u00e9es<\/td>\n<\/tr>\n<\/tbody>\n<\/table>\n","protected":false},"excerpt":{"rendered":"<p>Comparatif &nbsp; ElliptiGO Arc ElliptiGO 8C ElliptiGO 11R Comparaison Rapide Vitesses 8 8 11 Couleurs Noir, vert Noir, vert, rouge Noir avec bandes blanches Facilit\u00e9s de transport &#8211; Guidon r\u00e9glable en hauteur, non pliable &#8211; Colonne de guidon d\u00e9montable &#8211; Guidon r\u00e9glable en hauteur, non pliable &#8211; Colonne de guidon d\u00e9montable &#8211; Guidon r\u00e9glable en&nbsp;<\/p>\n","protected":false},"author":1,"featured_media":0,"parent":0,"menu_order":3,"comment_status":"closed","ping_status":"closed","template":"page-full.php","meta":{"ngg_post_thumbnail":0},"_links":{"self":[{"href":"http:\/\/www.activbody.fr\/elliptigo\/wp-json\/wp\/v2\/pages\/18"}],"collection":[{"href":"http:\/\/www.activbody.fr\/elliptigo\/wp-json\/wp\/v2\/pages"}],"about":[{"href":"http:\/\/www.activbody.fr\/elliptigo\/wp-json\/wp\/v2\/types\/page"}],"author":[{"embeddable":true,"href":"http:\/\/www.activbody.fr\/elliptigo\/wp-json\/wp\/v2\/users\/1"}],"replies":[{"embeddable":true,"href":"http:\/\/www.activbody.fr\/elliptigo\/wp-json\/wp\/v2\/comments?post=18"}],"version-history":[{"count":36,"href":"http:\/\/www.activbody.fr\/elliptigo\/wp-json\/wp\/v2\/pages\/18\/revisions"}],"predecessor-version":[{"id":183,"href":"http:\/\/www.activbody.fr\/elliptigo\/wp-json\/wp\/v2\/pages\/18\/revisions\/183"}],"wp:attachment":[{"href":"http:\/\/www.activbody.fr\/elliptigo\/wp-json\/wp\/v2\/media?parent=18"}],"curies":[{"name":"wp","href":"https:\/\/api.w.org\/{rel}","templated":true}]}}