{"id":16,"date":"2012-11-17T16:59:08","date_gmt":"2012-11-17T16:59:08","guid":{"rendered":"http:\/\/localhost\/devel\/www\/www.activbody-v2.fr\/elliptigo\/?page_id=16"},"modified":"2023-05-21T11:49:10","modified_gmt":"2023-05-21T11:49:10","slug":"elliptigo-11r","status":"publish","type":"page","link":"http:\/\/www.activbody.fr\/elliptigo\/elliptigo-11r","title":{"rendered":"ElliptiGO 11R"},"content":{"rendered":"<h1>ElliptiGO 11R<\/h1>\n\n\n<div class=\"ngg-galleryoverview ngg-slideshow\"\n\t id=\"ngg-slideshow-8d05887b89049d4b83a28f9e7a32a477-18215212130\"\n     data-gallery-id=\"8d05887b89049d4b83a28f9e7a32a477\"\n     style=\"max-width: 980px; max-height: 300px;\">\n\n \t<div id=\"ngg-image-0\" class=\"ngg-gallery-slideshow-image\" style=\"height:300px\">\n\n        <a href=\"http:\/\/www.activbody.fr\/elliptigo\/wp-content\/gallery\/slider-elliptigo-11r\/slider-elliptigo11r-1.gif\"\n           title=\"ElliptiGO 11R\"\n           data-src=\"http:\/\/www.activbody.fr\/elliptigo\/wp-content\/gallery\/slider-elliptigo-11r\/slider-elliptigo11r-1.gif\"\n           data-thumbnail=\"http:\/\/www.activbody.fr\/elliptigo\/wp-content\/gallery\/slider-elliptigo-11r\/thumbs\/thumbs_slider-elliptigo11r-1.gif\"\n           data-image-id=\"29\"\n           data-title=\"ElliptiGO 11R\"\n           data-description=\"ElliptiGO 11R\"\n           class='thickbox' rel='8d05887b89049d4b83a28f9e7a32a477'>\n\n            <img data-image-id='29'\n                 title=\"ElliptiGO 11R\"\n                 alt=\"ElliptiGO 11R\"\n                 src=\"http:\/\/www.activbody.fr\/elliptigo\/wp-content\/gallery\/slider-elliptigo-11r\/slider-elliptigo11r-1.gif\"\n                 style=\"max-height: 280px;\"\/>\n        <\/a>\n\n        <\/div> \n<div id=\"ngg-image-1\" class=\"ngg-gallery-slideshow-image\" style=\"height:300px\">\n\n        <a href=\"http:\/\/www.activbody.fr\/elliptigo\/wp-content\/gallery\/slider-elliptigo-11r\/slider-elliptigo11r-2.gif\"\n           title=\"ElliptiGO 11R Pli\u00e9\"\n           data-src=\"http:\/\/www.activbody.fr\/elliptigo\/wp-content\/gallery\/slider-elliptigo-11r\/slider-elliptigo11r-2.gif\"\n           data-thumbnail=\"http:\/\/www.activbody.fr\/elliptigo\/wp-content\/gallery\/slider-elliptigo-11r\/thumbs\/thumbs_slider-elliptigo11r-2.gif\"\n           data-image-id=\"30\"\n           data-title=\"ElliptiGO 11R Pli\u00e9\"\n           data-description=\"ElliptiGO 11R Pli\u00e9\"\n           class='thickbox' rel='8d05887b89049d4b83a28f9e7a32a477'>\n\n            <img data-image-id='30'\n                 title=\"ElliptiGO 11R Pli\u00e9\"\n                 alt=\"ElliptiGO 11R Pli\u00e9\"\n                 src=\"http:\/\/www.activbody.fr\/elliptigo\/wp-content\/gallery\/slider-elliptigo-11r\/slider-elliptigo11r-2.gif\"\n                 style=\"max-height: 280px;\"\/>\n        <\/a>\n\n        <\/div> \n<div id=\"ngg-image-2\" class=\"ngg-gallery-slideshow-image\" style=\"height:300px\">\n\n        <a href=\"http:\/\/www.activbody.fr\/elliptigo\/wp-content\/gallery\/slider-elliptigo-11r\/slider-elliptigo11r-3.gif\"\n           title=\"ElliptiGO 11R Vue Arri\u00e8re\"\n           data-src=\"http:\/\/www.activbody.fr\/elliptigo\/wp-content\/gallery\/slider-elliptigo-11r\/slider-elliptigo11r-3.gif\"\n           data-thumbnail=\"http:\/\/www.activbody.fr\/elliptigo\/wp-content\/gallery\/slider-elliptigo-11r\/thumbs\/thumbs_slider-elliptigo11r-3.gif\"\n           data-image-id=\"31\"\n           data-title=\"ElliptiGO 11R Vue Arri\u00e8re\"\n           data-description=\"ElliptiGO 11R Vue Arri\u00e8re\"\n           class='thickbox' rel='8d05887b89049d4b83a28f9e7a32a477'>\n\n            <img data-image-id='31'\n                 title=\"ElliptiGO 11R Vue Arri\u00e8re\"\n                 alt=\"ElliptiGO 11R Vue Arri\u00e8re\"\n                 src=\"http:\/\/www.activbody.fr\/elliptigo\/wp-content\/gallery\/slider-elliptigo-11r\/slider-elliptigo11r-3.gif\"\n                 style=\"max-height: 280px;\"\/>\n        <\/a>\n\n        <\/div> \n<div id=\"ngg-image-3\" class=\"ngg-gallery-slideshow-image\" style=\"height:300px\">\n\n        <a href=\"http:\/\/www.activbody.fr\/elliptigo\/wp-content\/gallery\/slider-elliptigo-11r\/slider-elliptigo11r-4.gif\"\n           title=\"ElliptiGO 11R\"\n           data-src=\"http:\/\/www.activbody.fr\/elliptigo\/wp-content\/gallery\/slider-elliptigo-11r\/slider-elliptigo11r-4.gif\"\n           data-thumbnail=\"http:\/\/www.activbody.fr\/elliptigo\/wp-content\/gallery\/slider-elliptigo-11r\/thumbs\/thumbs_slider-elliptigo11r-4.gif\"\n           data-image-id=\"32\"\n           data-title=\"ElliptiGO 11R\"\n           data-description=\"ElliptiGO 11R\"\n           class='thickbox' rel='8d05887b89049d4b83a28f9e7a32a477'>\n\n            <img data-image-id='32'\n                 title=\"ElliptiGO 11R\"\n                 alt=\"ElliptiGO 11R\"\n                 src=\"http:\/\/www.activbody.fr\/elliptigo\/wp-content\/gallery\/slider-elliptigo-11r\/slider-elliptigo11r-4.gif\"\n                 style=\"max-height: 280px;\"\/>\n        <\/a>\n\n        <\/div> \n<\/div>\n\n\n\n\n<p>&nbsp;<\/p>\n<p>Le mod\u00e8le 11R est destin\u00e9 aux utilisateurs r\u00e9guliers qui veulent faire des parcours sur tout type de terrain jusqu\u2019\u00e0 des pentes tr\u00e8s raides. C\u2019est le plus l\u00e9ger de la gamme et c\u2019est le seul \u00e0 avoir des parties en carbone.<\/p>\n<p>C\u2019est aussi celui qui permet d\u2019avoir le plus petit et le plus grand d\u00e9veloppement selon son utilisation en montagne ou sur du plat. Le syst\u00e8me de passage de vitesses permet de continuer \u00e0 courir lorsque vous voulez changer de vitesse.<\/p>\n<ul>\n<li><strong><span style=\"text-decoration: underline;\">Ce mod\u00e8le est tr\u00e8s adapt\u00e9 aux personnes ayant un probl\u00e8me physique<\/span> <\/strong>car vous pouvez r\u00e9gler pr\u00e9cis\u00e9ment la r\u00e9sistance, en fonction de la pr\u00e9sence ou non de la douleur.<\/li>\n<li><strong><span style=\"text-decoration: underline;\">Les sportifs entra\u00een\u00e9s<\/span><\/strong> pourront gravir tous les cols qu\u2019ils souhaitent avec <strong>l\u2019ElliptiGO<\/strong>&nbsp;11R .<\/li>\n<\/ul>\n<table>\n<tbody>\n<tr>\n<td><strong>Nombre de vitesses : <\/strong><\/td>\n<td>11 (passage en p\u00e9dalant), moyeu Shimano<\/td>\n<\/tr>\n<tr>\n<td><strong>Couleurs:<\/strong><\/td>\n<td>noir<\/td>\n<\/tr>\n<tr>\n<td><strong>Poids:<\/strong><\/td>\n<td>17,9 kg<\/td>\n<\/tr>\n<tr>\n<td><strong>Montage:<\/strong><\/td>\n<td>cadre aluminium et carbone, pi\u00e8ces Pro Lite, poign\u00e9es ergonomiques<\/td>\n<\/tr>\n<tr>\n<td><strong>Routes utilisables:<\/strong><\/td>\n<td>plat et mont\u00e9es tr\u00e8s dures<\/td>\n<\/tr>\n<tr>\n<td><strong>Poids limite d\u2019utilisation :<\/strong><\/td>\n<td>115 kg<\/td>\n<\/tr>\n<\/tbody>\n<\/table>\n<address>&nbsp;<\/address>\n<address><span style=\"color: #000000;\"><strong>Prix TTC:<\/strong> <strong>4299,00 \u20ac<\/strong>&nbsp;&nbsp;(frais de livraison en sus).<\/span><\/address>\n<address>&nbsp;<\/address>\n<p><em>(pour commander&nbsp;<a title=\"Contact\" href=\"http:\/\/www.activbody.fr\/elliptigo\/contact\">nous contacter<\/a>&nbsp;par mail ou en appelant Eric BOUVIER au 06 63 60 90 67)<\/em><\/p>\n<!-- default-view.php -->\n<div\n\tclass=\"ngg-galleryoverview default-view  ngg-ajax-pagination-none\"\n\tid=\"ngg-gallery-e7554a43520518b6dfef12864fc38a6b-1\">\n\n\t\t<!-- Thumbnails -->\n\t\t\t\t<div id=\"ngg-image-0\" class=\"ngg-gallery-thumbnail-box \" >\n\t\t\t\t        <div class=\"ngg-gallery-thumbnail\">\n            <a href=\"http:\/\/www.activbody.fr\/elliptigo\/wp-content\/gallery\/slider-elliptigo-11r\/slider-elliptigo11r-1.gif\"\n               title=\"ElliptiGO 11R\"\n               data-src=\"http:\/\/www.activbody.fr\/elliptigo\/wp-content\/gallery\/slider-elliptigo-11r\/slider-elliptigo11r-1.gif\"\n               data-thumbnail=\"http:\/\/www.activbody.fr\/elliptigo\/wp-content\/gallery\/slider-elliptigo-11r\/thumbs\/thumbs_slider-elliptigo11r-1.gif\"\n               data-image-id=\"29\"\n               data-title=\"ElliptiGO 11R\"\n               data-description=\"ElliptiGO 11R\"\n               data-image-slug=\"elliptigo-11r-2\"\n               class='thickbox' rel='e7554a43520518b6dfef12864fc38a6b'>\n                <img\n                    title=\"ElliptiGO 11R\"\n                    alt=\"ElliptiGO 11R\"\n                    src=\"http:\/\/www.activbody.fr\/elliptigo\/wp-content\/gallery\/slider-elliptigo-11r\/thumbs\/thumbs_slider-elliptigo11r-1.gif\"\n                    width=\"400\"\n                    height=\"122\"\n                    style=\"max-width:100%;\"\n                \/>\n            <\/a>\n        <\/div>\n\t\t\t\t\t\t\t<\/div> \n\t\t\t\n\t\t\t\t<div id=\"ngg-image-1\" class=\"ngg-gallery-thumbnail-box \" >\n\t\t\t\t        <div class=\"ngg-gallery-thumbnail\">\n            <a href=\"http:\/\/www.activbody.fr\/elliptigo\/wp-content\/gallery\/slider-elliptigo-11r\/slider-elliptigo11r-2.gif\"\n               title=\"ElliptiGO 11R Pli\u00e9\"\n               data-src=\"http:\/\/www.activbody.fr\/elliptigo\/wp-content\/gallery\/slider-elliptigo-11r\/slider-elliptigo11r-2.gif\"\n               data-thumbnail=\"http:\/\/www.activbody.fr\/elliptigo\/wp-content\/gallery\/slider-elliptigo-11r\/thumbs\/thumbs_slider-elliptigo11r-2.gif\"\n               data-image-id=\"30\"\n               data-title=\"ElliptiGO 11R Pli\u00e9\"\n               data-description=\"ElliptiGO 11R Pli\u00e9\"\n               data-image-slug=\"elliptigo-11r-plie-2\"\n               class='thickbox' rel='e7554a43520518b6dfef12864fc38a6b'>\n                <img\n                    title=\"ElliptiGO 11R Pli\u00e9\"\n                    alt=\"ElliptiGO 11R Pli\u00e9\"\n                    src=\"http:\/\/www.activbody.fr\/elliptigo\/wp-content\/gallery\/slider-elliptigo-11r\/thumbs\/thumbs_slider-elliptigo11r-2.gif\"\n                    width=\"400\"\n                    height=\"122\"\n                    style=\"max-width:100%;\"\n                \/>\n            <\/a>\n        <\/div>\n\t\t\t\t\t\t\t<\/div> \n\t\t\t\n\t\t\t\t<div id=\"ngg-image-2\" class=\"ngg-gallery-thumbnail-box \" >\n\t\t\t\t        <div class=\"ngg-gallery-thumbnail\">\n            <a href=\"http:\/\/www.activbody.fr\/elliptigo\/wp-content\/gallery\/slider-elliptigo-11r\/slider-elliptigo11r-3.gif\"\n               title=\"ElliptiGO 11R Vue Arri\u00e8re\"\n               data-src=\"http:\/\/www.activbody.fr\/elliptigo\/wp-content\/gallery\/slider-elliptigo-11r\/slider-elliptigo11r-3.gif\"\n               data-thumbnail=\"http:\/\/www.activbody.fr\/elliptigo\/wp-content\/gallery\/slider-elliptigo-11r\/thumbs\/thumbs_slider-elliptigo11r-3.gif\"\n               data-image-id=\"31\"\n               data-title=\"ElliptiGO 11R Vue Arri\u00e8re\"\n               data-description=\"ElliptiGO 11R Vue Arri\u00e8re\"\n               data-image-slug=\"elliptigo-11r-vue-arriere\"\n               class='thickbox' rel='e7554a43520518b6dfef12864fc38a6b'>\n                <img\n                    title=\"ElliptiGO 11R Vue Arri\u00e8re\"\n                    alt=\"ElliptiGO 11R Vue Arri\u00e8re\"\n                    src=\"http:\/\/www.activbody.fr\/elliptigo\/wp-content\/gallery\/slider-elliptigo-11r\/thumbs\/thumbs_slider-elliptigo11r-3.gif\"\n                    width=\"400\"\n                    height=\"122\"\n                    style=\"max-width:100%;\"\n                \/>\n            <\/a>\n        <\/div>\n\t\t\t\t\t\t\t<\/div> \n\t\t\t\n\t\t\t\t<div id=\"ngg-image-3\" class=\"ngg-gallery-thumbnail-box \" >\n\t\t\t\t        <div class=\"ngg-gallery-thumbnail\">\n            <a href=\"http:\/\/www.activbody.fr\/elliptigo\/wp-content\/gallery\/slider-elliptigo-11r\/slider-elliptigo11r-4.gif\"\n               title=\"ElliptiGO 11R\"\n               data-src=\"http:\/\/www.activbody.fr\/elliptigo\/wp-content\/gallery\/slider-elliptigo-11r\/slider-elliptigo11r-4.gif\"\n               data-thumbnail=\"http:\/\/www.activbody.fr\/elliptigo\/wp-content\/gallery\/slider-elliptigo-11r\/thumbs\/thumbs_slider-elliptigo11r-4.gif\"\n               data-image-id=\"32\"\n               data-title=\"ElliptiGO 11R\"\n               data-description=\"ElliptiGO 11R\"\n               data-image-slug=\"elliptigo-11r-3\"\n               class='thickbox' rel='e7554a43520518b6dfef12864fc38a6b'>\n                <img\n                    title=\"ElliptiGO 11R\"\n                    alt=\"ElliptiGO 11R\"\n                    src=\"http:\/\/www.activbody.fr\/elliptigo\/wp-content\/gallery\/slider-elliptigo-11r\/thumbs\/thumbs_slider-elliptigo11r-4.gif\"\n                    width=\"400\"\n                    height=\"122\"\n                    style=\"max-width:100%;\"\n                \/>\n            <\/a>\n        <\/div>\n\t\t\t\t\t\t\t<\/div> \n\t\t\t\n\t\n\t<br style=\"clear: both\" \/>\n\n\t\n\t\t<!-- Pagination -->\n\t<div class='ngg-clear'><\/div>\t<\/div>\n\n<p>&nbsp;<\/p>\n","protected":false},"excerpt":{"rendered":"<p>ElliptiGO 11R &nbsp; Le mod\u00e8le 11R est destin\u00e9 aux utilisateurs r\u00e9guliers qui veulent faire des parcours sur tout type de terrain jusqu\u2019\u00e0 des pentes tr\u00e8s raides. C\u2019est le plus l\u00e9ger de la gamme et c\u2019est le seul \u00e0 avoir des parties en carbone. C\u2019est aussi celui qui permet d\u2019avoir le plus petit et le plus&nbsp;<\/p>\n","protected":false},"author":1,"featured_media":0,"parent":0,"menu_order":3,"comment_status":"closed","ping_status":"closed","template":"page-full.php","meta":{"ngg_post_thumbnail":0},"_links":{"self":[{"href":"http:\/\/www.activbody.fr\/elliptigo\/wp-json\/wp\/v2\/pages\/16"}],"collection":[{"href":"http:\/\/www.activbody.fr\/elliptigo\/wp-json\/wp\/v2\/pages"}],"about":[{"href":"http:\/\/www.activbody.fr\/elliptigo\/wp-json\/wp\/v2\/types\/page"}],"author":[{"embeddable":true,"href":"http:\/\/www.activbody.fr\/elliptigo\/wp-json\/wp\/v2\/users\/1"}],"replies":[{"embeddable":true,"href":"http:\/\/www.activbody.fr\/elliptigo\/wp-json\/wp\/v2\/comments?post=16"}],"version-history":[{"count":38,"href":"http:\/\/www.activbody.fr\/elliptigo\/wp-json\/wp\/v2\/pages\/16\/revisions"}],"predecessor-version":[{"id":1209,"href":"http:\/\/www.activbody.fr\/elliptigo\/wp-json\/wp\/v2\/pages\/16\/revisions\/1209"}],"wp:attachment":[{"href":"http:\/\/www.activbody.fr\/elliptigo\/wp-json\/wp\/v2\/media?parent=16"}],"curies":[{"name":"wp","href":"https:\/\/api.w.org\/{rel}","templated":true}]}}