{"id":12,"date":"2012-11-17T16:58:24","date_gmt":"2012-11-17T16:58:24","guid":{"rendered":"http:\/\/localhost\/devel\/www\/www.activbody-v2.fr\/elliptigo\/?page_id=12"},"modified":"2023-05-21T11:50:50","modified_gmt":"2023-05-21T11:50:50","slug":"elliptigo-3c","status":"publish","type":"page","link":"http:\/\/www.activbody.fr\/elliptigo\/elliptigo-3c","title":{"rendered":"Stand up bike"},"content":{"rendered":"<h1>ElliptiGO SUB<\/h1>\n<pre><img decoding=\"async\" class=\"alignright\" src=\"http:\/\/www.activbody.fr\/elliptigo\/wp-content\/uploads\/2019\/06\/Blue_SUB_Side_View_White-2.gif\" alt=\"This image has an empty alt attribute; its file name is Blue_SUB_Side_View_White-2.gif\"><\/pre>\n<p><strong>Le SUB<\/strong> version route est destin\u00e9 aux utilisateurs r\u00e9guliers qui veulent faire des <span style=\"text-decoration: underline;\">parcours urbains sur terrains plats et sur des pentes moyennes<\/span>. C&rsquo;est le mod\u00e8le le plus l\u00e9ger de la gamme et il d\u00e9veloppe une foul\u00e9e courte et circulaire. Le syst\u00e8me de passage de vitesses est traditionnel avec un d\u00e9railleur. Il est le plus silencieux car il n&rsquo;y a pas de bruit de roulettes. Le pied peut bouger d&rsquo;avant en arri\u00e8re et la position est r\u00e9glable.<\/p>\n<table style=\"height: 164px;\" width=\"496\">\n<tbody>\n<tr>\n<td><strong>Nombre de vitesses : <\/strong><\/td>\n<td>8<\/td>\n<\/tr>\n<tr>\n<td><strong>Couleurs:<\/strong><\/td>\n<td>bleu ciel, gris, rouge<\/td>\n<\/tr>\n<tr>\n<td><strong>Poids:<\/strong><\/td>\n<td>13 kg<\/td>\n<\/tr>\n<tr>\n<td><strong>Montage:<\/strong><\/td>\n<td>cadre aluminium, pi\u00e8ces Shimano<\/td>\n<\/tr>\n<tr>\n<td><strong>Routes utilisables:<\/strong><\/td>\n<td>plat, pentes moyennes.<\/td>\n<\/tr>\n<tr>\n<td><strong>Syst\u00e8me de freinage:<\/strong><\/td>\n<td>\u00e0 patins<\/td>\n<\/tr>\n<\/tbody>\n<\/table>\n<p><span style=\"color: #000000;\"><strong>SUB<\/strong>: <\/span><span style=\"color: #000000;\"><strong>999,00 \u20ac <\/strong><\/span><span style=\"color: #000000;\"><strong>TTC<\/strong><\/span><em style=\"font-size: 13px;\"><em><span style=\"color: #000000;\">&nbsp;&nbsp;<\/span>(frais de livraison en sus).<\/em><\/em><\/p>\n<p><em>(pour commander&nbsp;<a title=\"Contact\" href=\"http:\/\/www.activbody.fr\/elliptigo\/contact\">nous contacter<\/a>&nbsp;par mail ou en appelant Eric BOUVIER au 06 63 60 90 67)<\/em><\/p>\n<!-- default-view.php -->\n<div\n\tclass=\"ngg-galleryoverview default-view  ngg-ajax-pagination-none\"\n\tid=\"ngg-gallery-9d33df8d7798ecc5546a821827b73e82-1\">\n\n\t\t<!-- Thumbnails -->\n\t\t\t\t<div id=\"ngg-image-0\" class=\"ngg-gallery-thumbnail-box \" >\n\t\t\t\t        <div class=\"ngg-gallery-thumbnail\">\n            <a href=\"http:\/\/www.activbody.fr\/elliptigo\/wp-content\/gallery\/sub\/blue_sub_angle_view_white.jpg\"\n               title=\"\"\n               data-src=\"http:\/\/www.activbody.fr\/elliptigo\/wp-content\/gallery\/sub\/blue_sub_angle_view_white.jpg\"\n               data-thumbnail=\"http:\/\/www.activbody.fr\/elliptigo\/wp-content\/gallery\/sub\/thumbs\/thumbs_blue_sub_angle_view_white.jpg\"\n               data-image-id=\"87\"\n               data-title=\"blue_sub_angle_view_white\"\n               data-description=\"\"\n               data-image-slug=\"blue_sub_angle_view_white-2\"\n               class='thickbox' rel='9d33df8d7798ecc5546a821827b73e82'>\n                <img\n                    title=\"blue_sub_angle_view_white\"\n                    alt=\"blue_sub_angle_view_white\"\n                    src=\"http:\/\/www.activbody.fr\/elliptigo\/wp-content\/gallery\/sub\/thumbs\/thumbs_blue_sub_angle_view_white.jpg\"\n                    width=\"400\"\n                    height=\"122\"\n                    style=\"max-width:100%;\"\n                \/>\n            <\/a>\n        <\/div>\n\t\t\t\t\t\t\t<\/div> \n\t\t\t\n\t\t\t\t<div id=\"ngg-image-1\" class=\"ngg-gallery-thumbnail-box \" >\n\t\t\t\t        <div class=\"ngg-gallery-thumbnail\">\n            <a href=\"http:\/\/www.activbody.fr\/elliptigo\/wp-content\/gallery\/sub\/gunmetal_sub_detail_01_white.jpg\"\n               title=\"\"\n               data-src=\"http:\/\/www.activbody.fr\/elliptigo\/wp-content\/gallery\/sub\/gunmetal_sub_detail_01_white.jpg\"\n               data-thumbnail=\"http:\/\/www.activbody.fr\/elliptigo\/wp-content\/gallery\/sub\/thumbs\/thumbs_gunmetal_sub_detail_01_white.jpg\"\n               data-image-id=\"88\"\n               data-title=\"gunmetal_sub_detail_01_white\"\n               data-description=\"\"\n               data-image-slug=\"gunmetal_sub_detail_01_white\"\n               class='thickbox' rel='9d33df8d7798ecc5546a821827b73e82'>\n                <img\n                    title=\"gunmetal_sub_detail_01_white\"\n                    alt=\"gunmetal_sub_detail_01_white\"\n                    src=\"http:\/\/www.activbody.fr\/elliptigo\/wp-content\/gallery\/sub\/thumbs\/thumbs_gunmetal_sub_detail_01_white.jpg\"\n                    width=\"400\"\n                    height=\"122\"\n                    style=\"max-width:100%;\"\n                \/>\n            <\/a>\n        <\/div>\n\t\t\t\t\t\t\t<\/div> \n\t\t\t\n\t\t\t\t<div id=\"ngg-image-2\" class=\"ngg-gallery-thumbnail-box \" >\n\t\t\t\t        <div class=\"ngg-gallery-thumbnail\">\n            <a href=\"http:\/\/www.activbody.fr\/elliptigo\/wp-content\/gallery\/sub\/sub_detail_02_white.jpg\"\n               title=\"\"\n               data-src=\"http:\/\/www.activbody.fr\/elliptigo\/wp-content\/gallery\/sub\/sub_detail_02_white.jpg\"\n               data-thumbnail=\"http:\/\/www.activbody.fr\/elliptigo\/wp-content\/gallery\/sub\/thumbs\/thumbs_sub_detail_02_white.jpg\"\n               data-image-id=\"89\"\n               data-title=\"sub_detail_02_white\"\n               data-description=\"\"\n               data-image-slug=\"sub_detail_02_white\"\n               class='thickbox' rel='9d33df8d7798ecc5546a821827b73e82'>\n                <img\n                    title=\"sub_detail_02_white\"\n                    alt=\"sub_detail_02_white\"\n                    src=\"http:\/\/www.activbody.fr\/elliptigo\/wp-content\/gallery\/sub\/thumbs\/thumbs_sub_detail_02_white.jpg\"\n                    width=\"400\"\n                    height=\"122\"\n                    style=\"max-width:100%;\"\n                \/>\n            <\/a>\n        <\/div>\n\t\t\t\t\t\t\t<\/div> \n\t\t\t\n\t\t\t\t<div id=\"ngg-image-3\" class=\"ngg-gallery-thumbnail-box \" >\n\t\t\t\t        <div class=\"ngg-gallery-thumbnail\">\n            <a href=\"http:\/\/www.activbody.fr\/elliptigo\/wp-content\/gallery\/sub\/sub_side_view_white.jpg\"\n               title=\"\"\n               data-src=\"http:\/\/www.activbody.fr\/elliptigo\/wp-content\/gallery\/sub\/sub_side_view_white.jpg\"\n               data-thumbnail=\"http:\/\/www.activbody.fr\/elliptigo\/wp-content\/gallery\/sub\/thumbs\/thumbs_sub_side_view_white.jpg\"\n               data-image-id=\"90\"\n               data-title=\"sub_side_view_white\"\n               data-description=\"\"\n               data-image-slug=\"sub_side_view_white-3\"\n               class='thickbox' rel='9d33df8d7798ecc5546a821827b73e82'>\n                <img\n                    title=\"sub_side_view_white\"\n                    alt=\"sub_side_view_white\"\n                    src=\"http:\/\/www.activbody.fr\/elliptigo\/wp-content\/gallery\/sub\/thumbs\/thumbs_sub_side_view_white.jpg\"\n                    width=\"400\"\n                    height=\"122\"\n                    style=\"max-width:100%;\"\n                \/>\n            <\/a>\n        <\/div>\n\t\t\t\t\t\t\t<\/div> \n\t\t\t\n\t\n\t<br style=\"clear: both\" \/>\n\n\t\n\t\t<!-- Pagination -->\n\t<div class='ngg-clear'><\/div>\t<\/div>\n\n<h6><span style=\"color: #ffffff;\">iugfgigigig<\/span><\/h6>\n<h6><span style=\"color: #ffffff;\">zegifgzeifgizeghi<\/span><\/h6>\n<h6><span style=\"color: #ffffff;\">dfhfdhrhdhdhd<\/span><\/h6>\n<h6><span style=\"color: #ffffff;\">gdhdfhfghfgjfgj<\/span><\/h6>\n<h1>ElliptiGO MSUB<\/h1>\n<p><img decoding=\"async\" class=\"alignright\" src=\"http:\/\/www.activbody.fr\/elliptigo\/wp-content\/uploads\/2019\/06\/SUB_Side_View_White.gif\" alt=\"This image has an empty alt attribute; its file name is SUB_Side_View_White.gif\"><\/p>\n<p><strong>Le MSUB<\/strong> version tout terrain est destin\u00e9 aux utilisateurs r\u00e9guliers qui veulent se d\u00e9placer sur des chemins. Il est con\u00e7u comme un VTT mais a \u00e9t\u00e9 pens\u00e9 pour garder une position debout confortable, en permanence. Le syst\u00e8me de passage de vitesse est traditionnel, avec un d\u00e9railleur. Gr\u00e2ce \u00e0 ses 10 vitesses vous pourrez pratiquer de mani\u00e8re plus sportive sur tout type de terrain.<\/p>\n<table style=\"height: 167px;\" width=\"582\">\n<tbody>\n<tr>\n<td><strong>Nombre de vitesses : <\/strong><\/td>\n<td>10<\/td>\n<\/tr>\n<tr>\n<td><strong>Couleurs:<\/strong><\/td>\n<td>orange, noir, bleu ciel<\/td>\n<\/tr>\n<tr>\n<td><strong>Poids:<\/strong><\/td>\n<td>15,7 kg<\/td>\n<\/tr>\n<tr>\n<td><strong>Montage:<\/strong><\/td>\n<td>cadre aluminium, pi\u00e8ces Shimano<\/td>\n<\/tr>\n<tr>\n<td><strong>Routes utilisables:<\/strong><\/td>\n<td>tout type de d\u00e9nivel\u00e9 sur tout type de terrain<\/td>\n<\/tr>\n<tr>\n<td><strong>Syst\u00e8me de freinage:<br \/>\n<\/strong><\/td>\n<td>\u00e0 disques<\/td>\n<\/tr>\n<\/tbody>\n<\/table>\n<p><strong>MSUB<\/strong>: <strong>1999,00 \u20ac<\/strong><em>&nbsp; <\/em><strong>TTC<\/strong><em>&nbsp;&nbsp;(frais de livraison en sus).<\/em><\/p>\n<p><em>(pour commander&nbsp;<a title=\"Contact\" href=\"http:\/\/www.activbody.fr\/elliptigo\/contact\">nous contacter<\/a>&nbsp;par mail ou en appelant Eric BOUVIER au 06 63 60 90 67)<\/em><\/p>\n<!-- default-view.php -->\n<div\n\tclass=\"ngg-galleryoverview default-view  ngg-ajax-pagination-none\"\n\tid=\"ngg-gallery-cb012ec5282801c394290ca6a8022dcd-1\">\n\n\t\t<!-- Thumbnails -->\n\t\t\t\t<div id=\"ngg-image-0\" class=\"ngg-gallery-thumbnail-box \" >\n\t\t\t\t        <div class=\"ngg-gallery-thumbnail\">\n            <a href=\"http:\/\/www.activbody.fr\/elliptigo\/wp-content\/gallery\/test\/aqua_msub_high_angle_white.jpg\"\n               title=\"\"\n               data-src=\"http:\/\/www.activbody.fr\/elliptigo\/wp-content\/gallery\/test\/aqua_msub_high_angle_white.jpg\"\n               data-thumbnail=\"http:\/\/www.activbody.fr\/elliptigo\/wp-content\/gallery\/test\/thumbs\/thumbs_aqua_msub_high_angle_white.jpg\"\n               data-image-id=\"83\"\n               data-title=\"aqua_msub_high_angle_white\"\n               data-description=\"\"\n               data-image-slug=\"aqua_msub_high_angle_white\"\n               class='thickbox' rel='cb012ec5282801c394290ca6a8022dcd'>\n                <img\n                    title=\"aqua_msub_high_angle_white\"\n                    alt=\"aqua_msub_high_angle_white\"\n                    src=\"http:\/\/www.activbody.fr\/elliptigo\/wp-content\/gallery\/test\/thumbs\/thumbs_aqua_msub_high_angle_white.jpg\"\n                    width=\"400\"\n                    height=\"122\"\n                    style=\"max-width:100%;\"\n                \/>\n            <\/a>\n        <\/div>\n\t\t\t\t\t\t\t<\/div> \n\t\t\t\n\t\t\t\t<div id=\"ngg-image-1\" class=\"ngg-gallery-thumbnail-box \" >\n\t\t\t\t        <div class=\"ngg-gallery-thumbnail\">\n            <a href=\"http:\/\/www.activbody.fr\/elliptigo\/wp-content\/gallery\/test\/black_msub_rear_detail_white.jpg\"\n               title=\"\"\n               data-src=\"http:\/\/www.activbody.fr\/elliptigo\/wp-content\/gallery\/test\/black_msub_rear_detail_white.jpg\"\n               data-thumbnail=\"http:\/\/www.activbody.fr\/elliptigo\/wp-content\/gallery\/test\/thumbs\/thumbs_black_msub_rear_detail_white.jpg\"\n               data-image-id=\"84\"\n               data-title=\"black_msub_rear_detail_white\"\n               data-description=\"\"\n               data-image-slug=\"black_msub_rear_detail_white\"\n               class='thickbox' rel='cb012ec5282801c394290ca6a8022dcd'>\n                <img\n                    title=\"black_msub_rear_detail_white\"\n                    alt=\"black_msub_rear_detail_white\"\n                    src=\"http:\/\/www.activbody.fr\/elliptigo\/wp-content\/gallery\/test\/thumbs\/thumbs_black_msub_rear_detail_white.jpg\"\n                    width=\"400\"\n                    height=\"122\"\n                    style=\"max-width:100%;\"\n                \/>\n            <\/a>\n        <\/div>\n\t\t\t\t\t\t\t<\/div> \n\t\t\t\n\t\t\t\t<div id=\"ngg-image-2\" class=\"ngg-gallery-thumbnail-box \" >\n\t\t\t\t        <div class=\"ngg-gallery-thumbnail\">\n            <a href=\"http:\/\/www.activbody.fr\/elliptigo\/wp-content\/gallery\/test\/sub_rear_detail_white.jpg\"\n               title=\"\"\n               data-src=\"http:\/\/www.activbody.fr\/elliptigo\/wp-content\/gallery\/test\/sub_rear_detail_white.jpg\"\n               data-thumbnail=\"http:\/\/www.activbody.fr\/elliptigo\/wp-content\/gallery\/test\/thumbs\/thumbs_sub_rear_detail_white.jpg\"\n               data-image-id=\"85\"\n               data-title=\"sub_rear_detail_white\"\n               data-description=\"\"\n               data-image-slug=\"sub_rear_detail_white\"\n               class='thickbox' rel='cb012ec5282801c394290ca6a8022dcd'>\n                <img\n                    title=\"sub_rear_detail_white\"\n                    alt=\"sub_rear_detail_white\"\n                    src=\"http:\/\/www.activbody.fr\/elliptigo\/wp-content\/gallery\/test\/thumbs\/thumbs_sub_rear_detail_white.jpg\"\n                    width=\"400\"\n                    height=\"122\"\n                    style=\"max-width:100%;\"\n                \/>\n            <\/a>\n        <\/div>\n\t\t\t\t\t\t\t<\/div> \n\t\t\t\n\t\t\t\t<div id=\"ngg-image-3\" class=\"ngg-gallery-thumbnail-box \" >\n\t\t\t\t        <div class=\"ngg-gallery-thumbnail\">\n            <a href=\"http:\/\/www.activbody.fr\/elliptigo\/wp-content\/gallery\/test\/sub_side_view_white.jpg\"\n               title=\"\"\n               data-src=\"http:\/\/www.activbody.fr\/elliptigo\/wp-content\/gallery\/test\/sub_side_view_white.jpg\"\n               data-thumbnail=\"http:\/\/www.activbody.fr\/elliptigo\/wp-content\/gallery\/test\/thumbs\/thumbs_sub_side_view_white.jpg\"\n               data-image-id=\"86\"\n               data-title=\"sub_side_view_white\"\n               data-description=\"\"\n               data-image-slug=\"sub_side_view_white-2\"\n               class='thickbox' rel='cb012ec5282801c394290ca6a8022dcd'>\n                <img\n                    title=\"sub_side_view_white\"\n                    alt=\"sub_side_view_white\"\n                    src=\"http:\/\/www.activbody.fr\/elliptigo\/wp-content\/gallery\/test\/thumbs\/thumbs_sub_side_view_white.jpg\"\n                    width=\"400\"\n                    height=\"122\"\n                    style=\"max-width:100%;\"\n                \/>\n            <\/a>\n        <\/div>\n\t\t\t\t\t\t\t<\/div> \n\t\t\t\n\t\n\t<br style=\"clear: both\" \/>\n\n\t\n\t\t<!-- Pagination -->\n\t<div class='ngg-clear'><\/div>\t<\/div>\n\n<p><span style=\"color: #ffffff;\">En relisant les sp\u00e9cifications techniques du RSUB, je me rends compte que j\u2019ai fait une erreur dans le descriptif. Il poss\u00e8de seulement 8 vitesses et non pas 10 comme je te l\u2019avais dit dans mon dernier mail.<\/span><\/p>\n<p><span style=\"color: #ffffff;\">Comme je n\u2019en poss\u00e8de pas encore, je croyais que les vitesses \u00e9taient les m\u00eames que celles du MSUB mais ce n\u2019est pas le cas. D\u00e9sol\u00e9 pour cette erreur.fhdfdfzfd<\/span><\/p>\n<p><span style=\"color: #ffffff;\">gfszghdhgfdgsvgf<\/span><\/p>\n<p><span style=\"color: #ffffff;\">vgdfhgdvhgfvg<\/span><\/p>\n<h1>ElliptiGO RSUB<\/h1>\n<p><a href=\"http:\/\/www.activbody.fr\/elliptigo\/wp-content\/uploads\/2019\/10\/Aqua_RSUB_Side_View_White-4.jpg\"><img decoding=\"async\" loading=\"lazy\" class=\"alignright size-full wp-image-1173\" src=\"http:\/\/www.activbody.fr\/elliptigo\/wp-content\/uploads\/2019\/10\/Aqua_RSUB_Side_View_White-4.jpg\" alt=\"\" width=\"600\" height=\"450\" srcset=\"http:\/\/www.activbody.fr\/elliptigo\/wp-content\/uploads\/2019\/10\/Aqua_RSUB_Side_View_White-4.jpg 600w, http:\/\/www.activbody.fr\/elliptigo\/wp-content\/uploads\/2019\/10\/Aqua_RSUB_Side_View_White-4-300x225.jpg 300w\" sizes=\"(max-width: 600px) 100vw, 600px\" \/><\/a><\/p>\n<p><strong>Le RSUB<\/strong> est le mod\u00e8le qui se rapproche le plus d&rsquo;un v\u00e9lo traditionnel. Avec ses pneus tr\u00e8s fins, son poids l\u00e9ger et ses 8 vitesses, c&rsquo;est le mod\u00e8le de la gamme ElliptiGO qui a le meilleur rendement. Il a \u00e9t\u00e9 pens\u00e9 pour garder une position debout confortable, en permanence. Le syst\u00e8me de passage de vitesse est traditionnel, avec un d\u00e9railleur. Gr\u00e2ce \u00e0 ses 8 vitesses vous pourrez pratiquer de mani\u00e8re tr\u00e8s sportive mais uniquement sur le bitume.<\/p>\n<table width=\"582\">\n<tbody>\n<tr>\n<td><strong>Nombre de vitesses : <\/strong><\/td>\n<td>8<\/td>\n<\/tr>\n<tr>\n<td><strong>Couleurs:<\/strong><\/td>\n<td>orange, noir, bleu ciel<\/td>\n<\/tr>\n<tr>\n<td><strong>Poids:<\/strong><\/td>\n<td>14,2 kg<\/td>\n<\/tr>\n<tr>\n<td><strong>Montage:<\/strong><\/td>\n<td>cadre aluminium, pi\u00e8ces Shimano<\/td>\n<\/tr>\n<tr>\n<td><strong>Routes utilisables:<\/strong><\/td>\n<td>tout type de d\u00e9nivel\u00e9 sur route<\/td>\n<\/tr>\n<tr>\n<td><strong>Syst\u00e8me de freinage:<\/strong><\/td>\n<td>\u00e0 disques<\/td>\n<\/tr>\n<\/tbody>\n<\/table>\n<p><strong>RSUB<\/strong>: <strong>1599,00 \u20ac<\/strong><em>&nbsp; <\/em><strong>TTC<\/strong><em>&nbsp;&nbsp;(frais de livraison en sus).<\/em><\/p>\n<p><em>(pour commander&nbsp;<a title=\"Contact\" href=\"http:\/\/www.activbody.fr\/elliptigo\/contact\">nous contacter<\/a>&nbsp;par mail ou en appelant Eric BOUVIER au 06 63 60 90 67)<\/em><\/p>\n<pre><p>no images were found<\/p>\n<\/pre>\n","protected":false},"excerpt":{"rendered":"<p>ElliptiGO SUB Le SUB version route est destin\u00e9 aux utilisateurs r\u00e9guliers qui veulent faire des parcours urbains sur terrains plats et sur des pentes moyennes. C&rsquo;est le mod\u00e8le le plus l\u00e9ger de la gamme et il d\u00e9veloppe une foul\u00e9e courte et circulaire. Le syst\u00e8me de passage de vitesses est traditionnel avec un d\u00e9railleur. Il est&nbsp;<\/p>\n","protected":false},"author":1,"featured_media":0,"parent":0,"menu_order":1,"comment_status":"closed","ping_status":"closed","template":"page-full.php","meta":{"ngg_post_thumbnail":0},"_links":{"self":[{"href":"http:\/\/www.activbody.fr\/elliptigo\/wp-json\/wp\/v2\/pages\/12"}],"collection":[{"href":"http:\/\/www.activbody.fr\/elliptigo\/wp-json\/wp\/v2\/pages"}],"about":[{"href":"http:\/\/www.activbody.fr\/elliptigo\/wp-json\/wp\/v2\/types\/page"}],"author":[{"embeddable":true,"href":"http:\/\/www.activbody.fr\/elliptigo\/wp-json\/wp\/v2\/users\/1"}],"replies":[{"embeddable":true,"href":"http:\/\/www.activbody.fr\/elliptigo\/wp-json\/wp\/v2\/comments?post=12"}],"version-history":[{"count":112,"href":"http:\/\/www.activbody.fr\/elliptigo\/wp-json\/wp\/v2\/pages\/12\/revisions"}],"predecessor-version":[{"id":1210,"href":"http:\/\/www.activbody.fr\/elliptigo\/wp-json\/wp\/v2\/pages\/12\/revisions\/1210"}],"wp:attachment":[{"href":"http:\/\/www.activbody.fr\/elliptigo\/wp-json\/wp\/v2\/media?parent=12"}],"curies":[{"name":"wp","href":"https:\/\/api.w.org\/{rel}","templated":true}]}}