{"id":102,"date":"2012-11-22T17:49:26","date_gmt":"2012-11-22T17:49:26","guid":{"rendered":"http:\/\/localhost\/devel\/www\/www.activbody-v2.fr\/elliptigo\/?page_id=102"},"modified":"2015-04-27T20:02:32","modified_gmt":"2015-04-27T20:02:32","slug":"communaute","status":"publish","type":"page","link":"http:\/\/www.activbody.fr\/elliptigo\/communaute","title":{"rendered":"Communaut\u00e9"},"content":{"rendered":"<h1>Communaut\u00e9 ElliptiGO<\/h1>\n<p><a href=\"http:\/\/www.activbody.fr\/elliptigo\/wp-content\/uploads\/2012\/11\/IMG_9777.jpg\"><img decoding=\"async\" loading=\"lazy\" class=\"alignleft size-medium wp-image-485\" title=\"Loueur 4\" src=\"http:\/\/www.activbody.fr\/elliptigo\/wp-content\/uploads\/2012\/11\/IMG_9777-300x200.jpg\" alt=\"\" width=\"300\" height=\"200\" srcset=\"http:\/\/www.activbody.fr\/elliptigo\/wp-content\/uploads\/2012\/11\/IMG_9777-300x200.jpg 300w, http:\/\/www.activbody.fr\/elliptigo\/wp-content\/uploads\/2012\/11\/IMG_9777-1024x682.jpg 1024w\" sizes=\"(max-width: 300px) 100vw, 300px\" \/><\/a>Afin de permettre au plus grand nombre, de conna\u00eetre ce merveilleux appareil qu\u2019est l\u2019ElliptiGO, nous avons cr\u00e9\u00e9 ce lieu d\u2019\u00e9change entre les personnes int\u00e9ress\u00e9es par ce produit mais qui ne l\u2019ont jamais vu r\u00e9ellement et celles qui en poss\u00e8dent un ou plusieurs.<\/p>\n<p>Nous incitons tout le monde \u00e0 \u00e9changer le plus possible sur notre page Facebook,Twitter ou sur You Tube pour cr\u00e9er une v\u00e9ritable communaut\u00e9 donnant lieu \u00e0 des regroupements locaux, r\u00e9gionaux ou nationaux et aux premi\u00e8res comp\u00e9titions en France: <a href=\"http:\/\/www.la-montee-du-revard.com\/article.php3?id_article=70\">la mont\u00e9e du Revard<\/a><\/p>\n<p>Vous trouverez sur cette page un r\u00e9f\u00e9rencement national de particuliers qui poss\u00e8dent l\u2019ElliptiGO et qui sont pr\u00eats \u00e0 vous le faire tester. Pour pouvoir \u00e9changer avec eux, veuillez <a title=\"Contact\" href=\"http:\/\/www.activbody.fr\/elliptigo\/contact\">nous contacter<\/a>. Nous accueillons avec plaisir les utilisateurs que nous ne connaissons pas encore et qui sont pr\u00eats \u00e0 participer \u00e0 l\u2019\u00e9closion de l\u2019ElliptiGO en France.<\/p>\n<p>Vous trouverez aussi un r\u00e9f\u00e9rencement national de professionnels (coachs sportifs, loueurs, h\u00f4tels, centres de vacances, centres de remise en forme, centres de r\u00e9\u00e9ducation) o\u00f9 vous pourrez aussi d\u00e9couvrir ces machines.<\/p>\n<p>Enfin, nous r\u00e9f\u00e9ren\u00e7ons aussi les sportifs individuels, les clubs, les f\u00e9d\u00e9rations qui ont int\u00e9gr\u00e9 l\u2019ElliptiGO dans leur entra\u00eenement.<\/p>\n<h3><strong><span style=\"text-decoration: underline;\">Particuliers :<\/span><\/strong><\/h3>\n<table>\n<tbody>\n<tr>\n<td>Eric &#8211; St Alban en Leysse (01)<\/td>\n<td>Laurent \u2013 Carnon (34)<\/td>\n<td>Serge et Nicole \u2013 La Ravoire (73)<\/td>\n<\/tr>\n<tr>\n<td>Thierry \u2013 Belley (01)<\/td>\n<td>Martine &#8211; Veign\u00e9 (37)<\/td>\n<td>Dominique \u2013 Drumettaz-Clarafond (73)<\/td>\n<\/tr>\n<tr>\n<td>Roger \u2013 Beausoleil (06)<\/td>\n<td>Jean-Pierre &#8211; Barenton (50)<\/td>\n<td>Nathalie &#8211; Passy (74)<\/td>\n<\/tr>\n<tr>\n<td>Patrick &#8211; Cassis (13)<\/td>\n<td>Pascale &#8211; Gerde (65)<\/td>\n<td>Christopher &#8211; Annecy (74)<\/td>\n<\/tr>\n<tr>\n<td>Dominique &#8211; Les Mathes (17)<\/td>\n<td>Emmanuel &#8211; Oberhergheim (68)<\/td>\n<td>Emmanuelle &#8211; Paris (75)<\/td>\n<\/tr>\n<tr>\n<td>Bruno &#8211; La Rochelle (17)<\/td>\n<td>Laurent &#8211; Le Mans (72)<\/td>\n<td>Gilles &#8211; Yvetot (76)<\/td>\n<\/tr>\n<tr>\n<td>St\u00e9phanie &#8211; Besan\u00e7on (25)<\/td>\n<td>Eric et Marl\u00e8ne &#8211; Aix-les-Bains (73)<\/td>\n<td>Thierry &#8211; Oust-Marest (80)<\/td>\n<\/tr>\n<tr>\n<td>Christophe \u2013 les Granges Gontardes (26)<\/td>\n<td>Alain et Myriam \u2013 Bassens (73)<\/td>\n<td>Christine &#8211; Hy\u00e8res (83)<\/td>\n<\/tr>\n<tr>\n<td>J\u00e9rome &#8211; Toulouse (31)<\/td>\n<td>Marc &#8211; Albertville (73)<\/td>\n<td>Michel &#8211; Auxerre (89)<\/td>\n<\/tr>\n<tr>\n<td><\/td>\n<td><\/td>\n<td><\/td>\n<\/tr>\n<tr>\n<td><\/td>\n<td><\/td>\n<td><span style=\"color: #333333; font-family: Georgia, 'Times New Roman', 'Bitstream Charter', Times, serif; font-size: 13px; line-height: 19px;\">\u00a0<\/span><\/td>\n<\/tr>\n<\/tbody>\n<\/table>\n<p><span style=\"text-decoration: underline;\"><strong>\u00a0Professionnels:<\/strong><\/span><\/p>\n<p><em><a href=\"http:\/\/www.activbody.fr\/elliptigo\/wp-content\/uploads\/2012\/11\/Coachs-sportifs.jpg\"><img decoding=\"async\" loading=\"lazy\" width=\"300\" height=\"197\" class=\"alignright  wp-image-213\" title=\"Coachs sportifs\" src=\"http:\/\/www.activbody.fr\/elliptigo\/wp-content\/uploads\/2012\/11\/Coachs-sportifs-300x197.jpg\" alt=\"\" srcset=\"http:\/\/www.activbody.fr\/elliptigo\/wp-content\/uploads\/2012\/11\/Coachs-sportifs-300x197.jpg 300w, http:\/\/www.activbody.fr\/elliptigo\/wp-content\/uploads\/2012\/11\/Coachs-sportifs-1024x675.jpg 1024w\" sizes=\"(max-width: 300px) 100vw, 300px\" \/><\/a><strong>&#8211;<span style=\"text-decoration: underline;\"> Coachs sportifs<\/span><\/strong><\/em><strong><span style=\"text-decoration: underline;\">\u00a0<\/span>:<\/strong><\/p>\n<p><span style=\"color: #0000ff;\"><a href=\"http:\/\/www.activbody.fr\"><span style=\"color: #0000ff;\">Activbody<\/span><\/a><\/span><span style=\"color: #0000ff;\"><span style=\"color: #0000ff;\">\u00a0<span style=\"color: #000000;\">\u00e0 Aix-les-Bains (73)<\/span><\/span><\/span><\/p>\n<p><span style=\"color: #0000ff;\"><span style=\"color: #0000ff;\"><a href=\"http:\/\/www.pureforme.com\">Pure Forme<\/a><span style=\"color: #000000;\">\u00a0\u00e0 Besan\u00e7on (25)<\/span><\/span><\/span><\/p>\n<p><a href=\"http:\/\/a-fit-body.monsite-orange.fr\/index.html\">A fit Body<\/a> \u00e0 Le S\u00e9questre (81)<\/p>\n<p>Si vous voulez vous faire conna\u00eetre et vous d\u00e9marquer de vos concurrents en utilisant cette machine tr\u00e8s innovante et efficace physiquement, veuillez <a title=\"Contact\" href=\"http:\/\/www.activbody.fr\/elliptigo\/contact\"><em><span style=\"text-decoration: underline;\">nous contacter<\/span><\/em>.<\/a><\/p>\n<p>A l&rsquo;\u00e9tranger, cette machine a d\u00e9j\u00e0 \u00e9t\u00e9 adopt\u00e9e par les personal trainers\u00a0:<\/p>\n<p><a href=\"http:\/\/www.celebratehf.co.uk\/beginners-fitness\/elliptigo-running-training\/?doing_wp_cron=1354054902.6805150508880615234375\">Celebrate Personal Training\u00a0<\/a>\u00a0\u00a0\u00a0\u00a0\u00a0\u00a0\u00a0\u00a0\u00a0\u00a0\u00a0\u00a0\u00a0\u00a0\u00a0\u00a0\u00a0\u00a0\u00a0\u00a0\u00a0\u00a0\u00a0\u00a0\u00a0\u00a0\u00a0\u00a0\u00a0\u00a0\u00a0\u00a0\u00a0\u00a0 <a href=\"http:\/\/www.fitsofitness.co.uk\/\">Fitso<\/a><\/p>\n<p><a href=\"http:\/\/www.bruceraymer.com\/elliptigo_media.html\">Bruce Raymer<\/a>\u00a0\u00a0\u00a0\u00a0\u00a0\u00a0\u00a0\u00a0\u00a0\u00a0\u00a0\u00a0\u00a0\u00a0\u00a0\u00a0\u00a0\u00a0\u00a0\u00a0\u00a0\u00a0\u00a0\u00a0\u00a0\u00a0\u00a0\u00a0\u00a0\u00a0\u00a0\u00a0\u00a0\u00a0\u00a0\u00a0\u00a0\u00a0\u00a0\u00a0\u00a0\u00a0\u00a0\u00a0\u00a0\u00a0\u00a0\u00a0\u00a0\u00a0\u00a0\u00a0\u00a0\u00a0\u00a0\u00a0\u00a0\u00a0\u00a0\u00a0\u00a0\u00a0<a href=\"http:\/\/www.impactfreefitness.co.uk\/\">Impact free fitness <\/a><\/p>\n<p><a href=\"http:\/\/www.efit.ie\/\">Efit<\/a><\/p>\n<p>&nbsp;<\/p>\n<p><strong><em><span style=\"text-decoration: underline;\"><span style=\"color: #000000; text-decoration: underline;\"><span style=\"text-decoration: underline;\">&#8211;\u00a0<a href=\"http:\/\/www.elliptigo.com\/athletes.html\"><span style=\"color: #000000; text-decoration: underline;\">Athl\u00e8tes<\/span><\/a><\/span>\u00a0<\/span>de haut niveau:<\/span><\/em><\/strong><\/p>\n<p><span style=\"color: #3366ff;\"><span style=\"text-decoration: underline;\"><span style=\"text-decoration: underline;\">&#8211; Haile Gebreselassie<\/span><\/span>:<\/span> champion olympique, champion du monde, recordman du monde<\/p>\n<p><span style=\"text-decoration: underline; color: #3366ff;\"><span style=\"text-decoration: underline;\">&#8211; Meb Keflezighi:<\/span> <\/span>vice champion olympique, vainqueur du marathon de NY en 2009 et Boston en 2014<\/p>\n<p><span style=\"color: #3366ff;\">&#8211;<a href=\"https:\/\/www.facebook.com\/samuel.leal.3958?ref=ts&amp;fref=ts\"><span style=\"color: #3366ff;\"> LEAL Samuel<\/span><\/a> <\/span>licenci\u00e9 au club d&rsquo;athl\u00e9tisme de l&rsquo;ASA (association sportive d&rsquo;Aix-les-Bains). Vice champion de France junior de course de montagne.<\/p>\n<p>&nbsp;<\/p>\n<p><em>&#8211;<strong><span style=\"text-decoration: underline;\"> loueurs, clubs\u00a0<\/span><\/strong><\/em><strong>:<\/strong><\/p>\n<p><span style=\"text-decoration: underline;\">Location \u00e0 Nice<\/span>: 2 rue St Philippe. 04-93-71-25-41<\/p>\n<p><span style=\"text-decoration: underline;\">Location \u00e0 Le S\u00e9questre<\/span>: <a href=\"http:\/\/a-fit-body.monsite-orange.fr\/index.html\">a fit body<\/a><\/p>\n<p>Location ElliptiGO Lyon, Grenoble, Annecy, Chamb\u00e9ry, Belley, Bourg en Bresse, Albertville, Yenne&#8230; \u00a0<a title=\"Contact\" href=\"http:\/\/www.activbody.fr\/elliptigo\/contact\"><em>nous contacter<\/em><\/a>.<\/p>\n<p>Si vous voulez vous faire conna\u00eetre et d\u00e9velopper cette activit\u00e9 tr\u00e8s attractive en France, veuillez <a title=\"Contact\" href=\"http:\/\/www.activbody.fr\/elliptigo\/contact\"><em><span>nous contacter<\/span><\/em><\/a>.<\/p>\n<p>A l\u2019\u00e9tranger, il y a de multiples structures qui proposent ces v\u00e9los \u00e0 la location aux Etats-Unis, Canada, Australie\u2026 Plus proches de nous\u00a0:<\/p>\n<p><a href=\"http:\/\/www.elliptigo.co.uk\/milton-keynes-elliptigo-club\/\">Milton Keynes (uk)<\/a><\/p>\n<p><a href=\"http:\/\/elliptigo.co.uk\/richmond-park-elliptigo-club\/\">Richmond park (uk)<\/a><\/p>\n<p>&#8211; <em><span style=\"text-decoration: underline;\"><a href=\"http:\/\/www.activbody.fr\/elliptigo\/wp-content\/uploads\/2012\/11\/Loueurs-clubs-1.jpg\"><img decoding=\"async\" loading=\"lazy\" width=\"300\" height=\"225\" class=\"alignright  wp-image-214\" title=\"Loueurs, clubs 1\" src=\"http:\/\/www.activbody.fr\/elliptigo\/wp-content\/uploads\/2012\/11\/Loueurs-clubs-1-300x225.jpg\" alt=\"\" srcset=\"http:\/\/www.activbody.fr\/elliptigo\/wp-content\/uploads\/2012\/11\/Loueurs-clubs-1-300x225.jpg 300w, http:\/\/www.activbody.fr\/elliptigo\/wp-content\/uploads\/2012\/11\/Loueurs-clubs-1.jpg 640w\" sizes=\"(max-width: 300px) 100vw, 300px\" \/><\/a>h\u00f4tels, centres de vacances\u00a0<\/span>:<\/em><\/p>\n<p><em><\/em>\u00a0Professionnels de l\u2019h\u00f4tellerie si vous \u00eates tent\u00e9s par l\u2019acquisition de ces v\u00e9los modernes, veuillez <a title=\"Contact\" href=\"http:\/\/www.activbody.fr\/elliptigo\/contact\"><em><span style=\"text-decoration: underline;\">nous contacter<\/span><\/em>.<\/a><\/p>\n<p>&#8211; <em><span style=\"text-decoration: underline;\">Centres de remise en forme, centres de r\u00e9\u00e9ducation\u00a0: <\/span><\/em>\u00e0 notre connaissance aucun centre de ce type n\u2019a encore investit dans les ElliptiGO en France. A l\u2019\u00e9tranger, certaines structures ont su d\u00e9celer l\u2019int\u00e9r\u00eat de cette machine\u00a0: <a href=\"http:\/\/www.lilleshallnsc.co.uk\/\">Lilleshall<\/a><\/p>\n<p>&nbsp;<\/p>\n","protected":false},"excerpt":{"rendered":"<p>Communaut\u00e9 ElliptiGO Afin de permettre au plus grand nombre, de conna\u00eetre ce merveilleux appareil qu\u2019est l\u2019ElliptiGO, nous avons cr\u00e9\u00e9 ce lieu d\u2019\u00e9change entre les personnes int\u00e9ress\u00e9es par ce produit mais qui ne l\u2019ont jamais vu r\u00e9ellement et celles qui en poss\u00e8dent un ou plusieurs. Nous incitons tout le monde \u00e0 \u00e9changer le plus possible sur&nbsp;<\/p>\n","protected":false},"author":1,"featured_media":0,"parent":0,"menu_order":0,"comment_status":"closed","ping_status":"closed","template":"page-full.php","meta":{"ngg_post_thumbnail":0},"_links":{"self":[{"href":"http:\/\/www.activbody.fr\/elliptigo\/wp-json\/wp\/v2\/pages\/102"}],"collection":[{"href":"http:\/\/www.activbody.fr\/elliptigo\/wp-json\/wp\/v2\/pages"}],"about":[{"href":"http:\/\/www.activbody.fr\/elliptigo\/wp-json\/wp\/v2\/types\/page"}],"author":[{"embeddable":true,"href":"http:\/\/www.activbody.fr\/elliptigo\/wp-json\/wp\/v2\/users\/1"}],"replies":[{"embeddable":true,"href":"http:\/\/www.activbody.fr\/elliptigo\/wp-json\/wp\/v2\/comments?post=102"}],"version-history":[{"count":77,"href":"http:\/\/www.activbody.fr\/elliptigo\/wp-json\/wp\/v2\/pages\/102\/revisions"}],"predecessor-version":[{"id":661,"href":"http:\/\/www.activbody.fr\/elliptigo\/wp-json\/wp\/v2\/pages\/102\/revisions\/661"}],"wp:attachment":[{"href":"http:\/\/www.activbody.fr\/elliptigo\/wp-json\/wp\/v2\/media?parent=102"}],"curies":[{"name":"wp","href":"https:\/\/api.w.org\/{rel}","templated":true}]}}